{"id":19078,"date":"2025-09-16T15:47:03","date_gmt":"2025-09-16T18:47:03","guid":{"rendered":"https:\/\/of3dacademy.com\/f09-oferta-basica-puente\/"},"modified":"2025-09-22T16:40:38","modified_gmt":"2025-09-22T19:40:38","slug":"slo10-mvz-ppf10-bp01","status":"publish","type":"page","link":"https:\/\/of3dacademy.com\/es\/slo10-mvz-ppf10-bp01\/","title":{"rendered":"Masterviz"},"content":{"rendered":"\t\t<div data-elementor-type=\"wp-page\" data-elementor-id=\"19078\" class=\"elementor elementor-19078 elementor-18989\" data-elementor-post-type=\"page\">\n\t\t\t\t<div class=\"elementor-element elementor-element-6055aa04 e-flex e-con-boxed e-con e-parent\" data-id=\"6055aa04\" data-element_type=\"container\" data-e-type=\"container\" data-settings=\"{&quot;background_background&quot;:&quot;classic&quot;,&quot;jet_parallax_layout_list&quot;:[]}\">\n\t\t\t\t\t<div class=\"e-con-inner\">\n\t\t\t\t<div class=\"elementor-element elementor-element-77973e5f elementor-widget__width-initial elementor-widget elementor-widget-heading\" data-id=\"77973e5f\" data-element_type=\"widget\" data-e-type=\"widget\" data-widget_type=\"heading.default\">\n\t\t\t\t\t<h2 class=\"elementor-heading-title elementor-size-default\"><font color=\"4ceafc\">Has desbloqueado una condici\u00f3n especial<\/font> para acceder al entrenamiento de renderizado m\u00e1s completo del mercado<\/h2>\t\t\t\t<\/div>\n\t\t\t\t<div class=\"elementor-element elementor-element-6cb0a0da elementor-widget__width-initial elementor-widget elementor-widget-heading\" data-id=\"6cb0a0da\" data-element_type=\"widget\" data-e-type=\"widget\" data-widget_type=\"heading.default\">\n\t\t\t\t\t<h2 class=\"elementor-heading-title elementor-size-default\">Mira el video abajo y descubre Masterviz - el m\u00e9todo que m\u00e1s genera Renders Brutales en todo el mundo:<\/h2>\t\t\t\t<\/div>\n\t\t<div class=\"elementor-element elementor-element-79c75d26 e-con-full e-flex e-con e-child\" data-id=\"79c75d26\" data-element_type=\"container\" data-e-type=\"container\" data-settings=\"{&quot;jet_parallax_layout_list&quot;:[]}\">\n\t\t\t\t<div class=\"elementor-element elementor-element-7776a0d elementor-widget elementor-widget-html\" data-id=\"7776a0d\" data-element_type=\"widget\" data-e-type=\"widget\" data-widget_type=\"html.default\">\n\t\t\t\t\t<div style=\"position:relative;padding-top:56.25%;\"><iframe id=\"panda-aaeaee95-11c2-4d79-874a-ae394ef19a2c\" src=\"https:\/\/player-vz-1644942f-a5e.tv.pandavideo.com.br\/embed\/?v=aaeaee95-11c2-4d79-874a-ae394ef19a2c\" style=\"border:none;position:absolute;top:0;left:0;-webkit-border-radius: 25px; -moz-border-radius: 25px; border-radius: 25px;\" allow=\"accelerometer;gyroscope;autoplay;encrypted-media;picture-in-picture\" allowfullscreen=\"true\" width=\"100%\" height=\"100%\" fetchpriority=\"high\"><\/iframe><\/div>\t\t\t\t<\/div>\n\t\t\t\t<\/div>\n\t\t\t\t<div class=\"elementor-element elementor-element-8181d2e elementor-widget elementor-widget-button\" data-id=\"8181d2e\" data-element_type=\"widget\" data-e-type=\"widget\" data-widget_type=\"button.default\">\n\t\t\t\t\t\t\t\t\t\t<a class=\"elementor-button elementor-button-link elementor-size-sm\" href=\"https:\/\/link.of3dacademy.com.br\/pp-f10-core-cartao\">\n\t\t\t\t\t\t<span class=\"elementor-button-content-wrapper\">\n\t\t\t\t\t\t\t\t\t<span class=\"elementor-button-text\">Quiero asegurar mi lugar<\/span>\n\t\t\t\t\t<\/span>\n\t\t\t\t\t<\/a>\n\t\t\t\t\t\t\t\t<\/div>\n\t\t\t\t\t<\/div>\n\t\t\t\t<\/div>\n\t\t<div class=\"elementor-element elementor-element-50098561 e-flex e-con-boxed e-con e-parent\" data-id=\"50098561\" data-element_type=\"container\" data-e-type=\"container\" data-settings=\"{&quot;background_background&quot;:&quot;classic&quot;,&quot;jet_parallax_layout_list&quot;:[]}\">\n\t\t\t\t\t<div class=\"e-con-inner\">\n\t\t<div class=\"elementor-element elementor-element-4e17940e e-con-full e-flex e-con e-child\" data-id=\"4e17940e\" data-element_type=\"container\" data-e-type=\"container\" data-settings=\"{&quot;jet_parallax_layout_list&quot;:[]}\">\n\t\t\t\t<div class=\"elementor-element elementor-element-52c8181f elementor-widget__width-initial elementor-widget elementor-widget-text-editor\" data-id=\"52c8181f\" data-element_type=\"widget\" data-e-type=\"widget\" data-widget_type=\"text-editor.default\">\n\t\t\t\t\t\t\t\t\tCopyright \u00a9 OF3D Academy. Todos los derechos reservados.  \t\t\t\t\t\t\t\t<\/div>\n\t\t\t\t<\/div>\n\t\t\t\t\t<\/div>\n\t\t\t\t<\/div>\n\t\t\t\t<\/div>\n\t\t","protected":false},"excerpt":{"rendered":"<p>Has desbloqueado una condici\u00f3n especial para acceder al entrenamiento de renderizado m\u00e1s completo del mercado Mira el video abajo y descubre Masterviz &#8211; el m\u00e9todo que m\u00e1s genera Renders Brutales en todo el mundo: Quiero asegurar mi lugar Copyright \u00a9 OF3D Academy. Todos los derechos reservados.<\/p>\n","protected":false},"author":4,"featured_media":0,"parent":0,"menu_order":0,"comment_status":"closed","ping_status":"closed","template":"elementor_canvas","meta":{"footnotes":""},"folder":[75],"class_list":["post-19078","page","type-page","status-publish","hentry"],"yoast_head":"<!-- This site is optimized with the Yoast SEO Premium plugin v27.1 (Yoast SEO v27.3) - https:\/\/yoast.com\/product\/yoast-seo-premium-wordpress\/ -->\n<title>Masterviz - OF3D Academy<\/title>\n<meta name=\"robots\" content=\"index, follow, max-snippet:-1, max-image-preview:large, max-video-preview:-1\" \/>\n<link rel=\"canonical\" href=\"https:\/\/of3dacademy.com\/es\/slo10-mvz-ppf10-bp01\/\" \/>\n<meta property=\"og:locale\" content=\"es_ES\" \/>\n<meta property=\"og:type\" content=\"article\" \/>\n<meta property=\"og:title\" content=\"Masterviz\" \/>\n<meta property=\"og:description\" content=\"Has desbloqueado una condici\u00f3n especial para acceder al entrenamiento de renderizado m\u00e1s completo del mercado Mira el video abajo y descubre Masterviz &#8211; el m\u00e9todo que m\u00e1s genera Renders Brutales en todo el mundo: Quiero asegurar mi lugar Copyright \u00a9 OF3D Academy. Todos los derechos reservados.\" \/>\n<meta property=\"og:url\" content=\"https:\/\/of3dacademy.com\/es\/slo10-mvz-ppf10-bp01\/\" \/>\n<meta property=\"og:site_name\" content=\"OF3D Academy\" \/>\n<meta property=\"article:modified_time\" content=\"2025-09-22T19:40:38+00:00\" \/>\n<meta property=\"og:image\" content=\"https:\/\/of3dacademy.com\/wp-content\/uploads\/2024\/03\/icone-academy-social.png\" \/>\n\t<meta property=\"og:image:width\" content=\"587\" \/>\n\t<meta property=\"og:image:height\" content=\"438\" \/>\n\t<meta property=\"og:image:type\" content=\"image\/png\" \/>\n<meta name=\"twitter:card\" content=\"summary_large_image\" \/>\n<script type=\"application\/ld+json\" class=\"yoast-schema-graph\">{\"@context\":\"https:\\\/\\\/schema.org\",\"@graph\":[{\"@type\":\"WebPage\",\"@id\":\"https:\\\/\\\/of3dacademy.com\\\/es\\\/slo10-mvz-ppf10-bp01\\\/\",\"url\":\"https:\\\/\\\/of3dacademy.com\\\/es\\\/slo10-mvz-ppf10-bp01\\\/\",\"name\":\"Masterviz - OF3D Academy\",\"isPartOf\":{\"@id\":\"https:\\\/\\\/of3dacademy.com\\\/es\\\/#website\"},\"datePublished\":\"2025-09-16T18:47:03+00:00\",\"dateModified\":\"2025-09-22T19:40:38+00:00\",\"breadcrumb\":{\"@id\":\"https:\\\/\\\/of3dacademy.com\\\/es\\\/slo10-mvz-ppf10-bp01\\\/#breadcrumb\"},\"inLanguage\":\"es\",\"potentialAction\":[{\"@type\":\"ReadAction\",\"target\":[\"https:\\\/\\\/of3dacademy.com\\\/es\\\/slo10-mvz-ppf10-bp01\\\/\"]}]},{\"@type\":\"BreadcrumbList\",\"@id\":\"https:\\\/\\\/of3dacademy.com\\\/es\\\/slo10-mvz-ppf10-bp01\\\/#breadcrumb\",\"itemListElement\":[{\"@type\":\"ListItem\",\"position\":1,\"name\":\"Home\",\"item\":\"https:\\\/\\\/of3dacademy.com\\\/es\\\/\"},{\"@type\":\"ListItem\",\"position\":2,\"name\":\"Masterviz\"}]},{\"@type\":\"WebSite\",\"@id\":\"https:\\\/\\\/of3dacademy.com\\\/es\\\/#website\",\"url\":\"https:\\\/\\\/of3dacademy.com\\\/es\\\/\",\"name\":\"OF3D Academy\",\"description\":\"Render Is Cool\",\"potentialAction\":[{\"@type\":\"SearchAction\",\"target\":{\"@type\":\"EntryPoint\",\"urlTemplate\":\"https:\\\/\\\/of3dacademy.com\\\/es\\\/?s={search_term_string}\"},\"query-input\":{\"@type\":\"PropertyValueSpecification\",\"valueRequired\":true,\"valueName\":\"search_term_string\"}}],\"inLanguage\":\"es\"}]}<\/script>\n<!-- \/ Yoast SEO Premium plugin. -->","yoast_head_json":{"title":"Masterviz - OF3D Academy","robots":{"index":"index","follow":"follow","max-snippet":"max-snippet:-1","max-image-preview":"max-image-preview:large","max-video-preview":"max-video-preview:-1"},"canonical":"https:\/\/of3dacademy.com\/es\/slo10-mvz-ppf10-bp01\/","og_locale":"es_ES","og_type":"article","og_title":"Masterviz","og_description":"Has desbloqueado una condici\u00f3n especial para acceder al entrenamiento de renderizado m\u00e1s completo del mercado Mira el video abajo y descubre Masterviz &#8211; el m\u00e9todo que m\u00e1s genera Renders Brutales en todo el mundo: Quiero asegurar mi lugar Copyright \u00a9 OF3D Academy. Todos los derechos reservados.","og_url":"https:\/\/of3dacademy.com\/es\/slo10-mvz-ppf10-bp01\/","og_site_name":"OF3D Academy","article_modified_time":"2025-09-22T19:40:38+00:00","og_image":[{"width":587,"height":438,"url":"https:\/\/of3dacademy.com\/wp-content\/uploads\/2024\/03\/icone-academy-social.png","type":"image\/png"}],"twitter_card":"summary_large_image","schema":{"@context":"https:\/\/schema.org","@graph":[{"@type":"WebPage","@id":"https:\/\/of3dacademy.com\/es\/slo10-mvz-ppf10-bp01\/","url":"https:\/\/of3dacademy.com\/es\/slo10-mvz-ppf10-bp01\/","name":"Masterviz - OF3D Academy","isPartOf":{"@id":"https:\/\/of3dacademy.com\/es\/#website"},"datePublished":"2025-09-16T18:47:03+00:00","dateModified":"2025-09-22T19:40:38+00:00","breadcrumb":{"@id":"https:\/\/of3dacademy.com\/es\/slo10-mvz-ppf10-bp01\/#breadcrumb"},"inLanguage":"es","potentialAction":[{"@type":"ReadAction","target":["https:\/\/of3dacademy.com\/es\/slo10-mvz-ppf10-bp01\/"]}]},{"@type":"BreadcrumbList","@id":"https:\/\/of3dacademy.com\/es\/slo10-mvz-ppf10-bp01\/#breadcrumb","itemListElement":[{"@type":"ListItem","position":1,"name":"Home","item":"https:\/\/of3dacademy.com\/es\/"},{"@type":"ListItem","position":2,"name":"Masterviz"}]},{"@type":"WebSite","@id":"https:\/\/of3dacademy.com\/es\/#website","url":"https:\/\/of3dacademy.com\/es\/","name":"OF3D Academy","description":"Render Is Cool","potentialAction":[{"@type":"SearchAction","target":{"@type":"EntryPoint","urlTemplate":"https:\/\/of3dacademy.com\/es\/?s={search_term_string}"},"query-input":{"@type":"PropertyValueSpecification","valueRequired":true,"valueName":"search_term_string"}}],"inLanguage":"es"}]}},"_links":{"self":[{"href":"https:\/\/of3dacademy.com\/es\/wp-json\/wp\/v2\/pages\/19078","targetHints":{"allow":["GET"]}}],"collection":[{"href":"https:\/\/of3dacademy.com\/es\/wp-json\/wp\/v2\/pages"}],"about":[{"href":"https:\/\/of3dacademy.com\/es\/wp-json\/wp\/v2\/types\/page"}],"author":[{"embeddable":true,"href":"https:\/\/of3dacademy.com\/es\/wp-json\/wp\/v2\/users\/4"}],"replies":[{"embeddable":true,"href":"https:\/\/of3dacademy.com\/es\/wp-json\/wp\/v2\/comments?post=19078"}],"version-history":[{"count":0,"href":"https:\/\/of3dacademy.com\/es\/wp-json\/wp\/v2\/pages\/19078\/revisions"}],"wp:attachment":[{"href":"https:\/\/of3dacademy.com\/es\/wp-json\/wp\/v2\/media?parent=19078"}],"wp:term":[{"taxonomy":"folder","embeddable":true,"href":"https:\/\/of3dacademy.com\/es\/wp-json\/wp\/v2\/folder?post=19078"}],"curies":[{"name":"wp","href":"https:\/\/api.w.org\/{rel}","templated":true}]}}