{"id":19074,"date":"2025-09-16T15:42:19","date_gmt":"2025-09-16T18:42:19","guid":{"rendered":"https:\/\/of3dacademy.com\/f09-ticket-de-venta\/"},"modified":"2025-09-19T17:54:26","modified_gmt":"2025-09-19T20:54:26","slug":"slo10-mvz-ppf10-ds01","status":"publish","type":"page","link":"https:\/\/of3dacademy.com\/es\/slo10-mvz-ppf10-ds01\/","title":{"rendered":"\u00a1CREA UNA ANIMACI\u00d3N DE TU PROYECTO CON IA!"},"content":{"rendered":"\t\t<div data-elementor-type=\"wp-page\" data-elementor-id=\"19074\" class=\"elementor elementor-19074 elementor-18981\" data-elementor-post-type=\"page\">\n\t\t\t\t<div class=\"elementor-element elementor-element-7f5ea12 e-flex e-con-boxed e-con e-parent\" data-id=\"7f5ea12\" data-element_type=\"container\" data-e-type=\"container\" data-settings=\"{&quot;background_background&quot;:&quot;classic&quot;,&quot;jet_parallax_layout_list&quot;:[]}\">\n\t\t\t\t\t<div class=\"e-con-inner\">\n\t\t<div class=\"elementor-element elementor-element-4ec934e e-con-full e-flex e-con e-child\" data-id=\"4ec934e\" data-element_type=\"container\" data-e-type=\"container\" data-settings=\"{&quot;jet_parallax_layout_list&quot;:[]}\">\n\t\t\t\t<div class=\"elementor-element elementor-element-a9f7be8 elementor-widget__width-initial elementor-widget-mobile__width-initial elementor-widget-laptop__width-initial elementor-widget elementor-widget-heading\" data-id=\"a9f7be8\" data-element_type=\"widget\" data-e-type=\"widget\" data-widget_type=\"heading.default\">\n\t\t\t\t\t<h2 class=\"elementor-heading-title elementor-size-default\"><font color=\"55ff01\">\u00daLTIMA OPORTUNIDAD:<\/font> Ll\u00e9vate solo la Clase de IA del Plan A y descubre c\u00f3mo animar tu render realista<\/h2>\t\t\t\t<\/div>\n\t\t\t\t<div class=\"elementor-element elementor-element-f01537f elementor-widget__width-initial elementor-widget-laptop__width-initial elementor-widget elementor-widget-text-editor\" data-id=\"f01537f\" data-element_type=\"widget\" data-e-type=\"widget\" data-widget_type=\"text-editor.default\">\n\t\t\t\t\t\t\t\t\tEsta es tu oportunidad de acceder a las dos clases m\u00e1s importantes del Plan A sin tener que adquirir la inmersi\u00f3n completa.<br><br><br>Convierte tu render en una animaci\u00f3n realista usando solo Inteligencia Artificial.<br><br><br>Completa el formulario abajo y a\u00f1ade la clase pr\u00e1ctica de IA a tu paquete:\t\t\t\t\t\t\t\t<\/div>\n\t\t\t\t<\/div>\n\t\t<div class=\"elementor-element elementor-element-7312b62 e-con-full e-flex e-con e-child\" data-id=\"7312b62\" data-element_type=\"container\" data-e-type=\"container\" data-settings=\"{&quot;jet_parallax_layout_list&quot;:[]}\">\n\t\t\t\t<div class=\"elementor-element elementor-element-0efcd08 elementor-widget elementor-widget-html\" data-id=\"0efcd08\" data-element_type=\"widget\" data-e-type=\"widget\" data-widget_type=\"html.default\">\n\t\t\t\t\t<video autoplay=\"\" muted=\"\" loop=\"\" playsinline=\"\" style=\"aspect-ratio: 9\/16; width:100%; display:block;\">\r\n  <source src=\"https:\/\/dl.dropboxusercontent.com\/scl\/fi\/lim0vnxrca3uq4dzyh8wk\/876671081_AQOqqlkL1Et2MuXMgVNF1hhJGioIcKwpjJfZDXewD12jtiJAjSI_8.mp4?rlkey=d9suhyqhimoyaj689pno50mj5&amp;raw=1\" type=\"video\/mp4\">\r\n  Tu navegador no admite v\u00eddeo HTML5.\r\n<\/source><\/video>\t\t\t\t<\/div>\n\t\t\t\t<\/div>\n\t\t<div class=\"elementor-element elementor-element-8f63691 e-con-full e-flex e-con e-child\" data-id=\"8f63691\" data-element_type=\"container\" data-e-type=\"container\" data-settings=\"{&quot;jet_parallax_layout_list&quot;:[]}\">\n\t\t\t\t<div class=\"elementor-element elementor-element-a60059e elementor-widget__width-inherit elementor-widget elementor-widget-html\" data-id=\"a60059e\" data-element_type=\"widget\" data-e-type=\"widget\" data-widget_type=\"html.default\">\n\t\t\t\t\t<!-- HOTMART - Sales Funnel Widget --> <!--- sales funnel container ---> <div id=\"hotmart-sales-funnel\"><\/div> <!--- script load and setup ---> <script src=\"https:\/\/checkout.hotmart.com\/lib\/hotmart-checkout-elements.js\"><\/script> <script> checkoutElements.init('salesFunnel').mount('#hotmart-sales-funnel') <\/script> <!-- HOTMART - Sales Funnel Widget -->\t\t\t\t<\/div>\n\t\t\t\t<\/div>\n\t\t\t\t\t<\/div>\n\t\t\t\t<\/div>\n\t\t<div class=\"elementor-element elementor-element-4245917a e-flex e-con-boxed e-con e-parent\" data-id=\"4245917a\" data-element_type=\"container\" data-e-type=\"container\" data-settings=\"{&quot;background_background&quot;:&quot;classic&quot;,&quot;jet_parallax_layout_list&quot;:[]}\">\n\t\t\t\t\t<div class=\"e-con-inner\">\n\t\t<div class=\"elementor-element elementor-element-2ad79583 e-con-full e-flex e-con e-child\" data-id=\"2ad79583\" data-element_type=\"container\" data-e-type=\"container\" data-settings=\"{&quot;jet_parallax_layout_list&quot;:[]}\">\n\t\t\t\t<div class=\"elementor-element elementor-element-510370c5 elementor-widget__width-initial elementor-widget elementor-widget-text-editor\" data-id=\"510370c5\" data-element_type=\"widget\" data-e-type=\"widget\" data-widget_type=\"text-editor.default\">\n\t\t\t\t\t\t\t\t\tCopyright \u00a9 OF3D Academy. Todos los derechos reservados.  \t\t\t\t\t\t\t\t<\/div>\n\t\t\t\t<\/div>\n\t\t\t\t\t<\/div>\n\t\t\t\t<\/div>\n\t\t\t\t<\/div>\n\t\t","protected":false},"excerpt":{"rendered":"<p>\u00daLTIMA OPORTUNIDAD: Ll\u00e9vate solo la Clase de IA del Plan A y descubre c\u00f3mo animar tu render realista Esta es tu oportunidad de acceder a las dos clases m\u00e1s importantes del Plan A sin tener que adquirir la inmersi\u00f3n completa. Convierte tu render en una animaci\u00f3n realista usando solo Inteligencia Artificial. Completa el formulario abajo [&hellip;]<\/p>\n","protected":false},"author":4,"featured_media":0,"parent":0,"menu_order":0,"comment_status":"closed","ping_status":"closed","template":"elementor_canvas","meta":{"footnotes":""},"folder":[75],"class_list":["post-19074","page","type-page","status-publish","hentry"],"yoast_head":"<!-- This site is optimized with the Yoast SEO Premium plugin v27.1 (Yoast SEO v27.3) - https:\/\/yoast.com\/product\/yoast-seo-premium-wordpress\/ -->\n<title>\u00a1CREA UNA ANIMACI\u00d3N DE TU PROYECTO CON IA! - OF3D Academy<\/title>\n<meta name=\"robots\" content=\"index, follow, max-snippet:-1, max-image-preview:large, max-video-preview:-1\" \/>\n<link rel=\"canonical\" href=\"https:\/\/of3dacademy.com\/es\/slo10-mvz-ppf10-ds01\/\" \/>\n<meta property=\"og:locale\" content=\"es_ES\" \/>\n<meta property=\"og:type\" content=\"article\" \/>\n<meta property=\"og:title\" content=\"\u00a1CREA UNA ANIMACI\u00d3N DE TU PROYECTO CON IA!\" \/>\n<meta property=\"og:description\" content=\"\u00daLTIMA OPORTUNIDAD: Ll\u00e9vate solo la Clase de IA del Plan A y descubre c\u00f3mo animar tu render realista Esta es tu oportunidad de acceder a las dos clases m\u00e1s importantes del Plan A sin tener que adquirir la inmersi\u00f3n completa. Convierte tu render en una animaci\u00f3n realista usando solo Inteligencia Artificial. Completa el formulario abajo [&hellip;]\" \/>\n<meta property=\"og:url\" content=\"https:\/\/of3dacademy.com\/es\/slo10-mvz-ppf10-ds01\/\" \/>\n<meta property=\"og:site_name\" content=\"OF3D Academy\" \/>\n<meta property=\"article:modified_time\" content=\"2025-09-19T20:54:26+00:00\" \/>\n<meta property=\"og:image\" content=\"https:\/\/of3dacademy.com\/wp-content\/uploads\/2024\/03\/icone-academy-social.png\" \/>\n\t<meta property=\"og:image:width\" content=\"587\" \/>\n\t<meta property=\"og:image:height\" content=\"438\" \/>\n\t<meta property=\"og:image:type\" content=\"image\/png\" \/>\n<meta name=\"twitter:card\" content=\"summary_large_image\" \/>\n<script type=\"application\/ld+json\" class=\"yoast-schema-graph\">{\"@context\":\"https:\\\/\\\/schema.org\",\"@graph\":[{\"@type\":\"WebPage\",\"@id\":\"https:\\\/\\\/of3dacademy.com\\\/es\\\/slo10-mvz-ppf10-ds01\\\/\",\"url\":\"https:\\\/\\\/of3dacademy.com\\\/es\\\/slo10-mvz-ppf10-ds01\\\/\",\"name\":\"\u00a1CREA UNA ANIMACI\u00d3N DE TU PROYECTO CON IA! - OF3D Academy\",\"isPartOf\":{\"@id\":\"https:\\\/\\\/of3dacademy.com\\\/es\\\/#website\"},\"datePublished\":\"2025-09-16T18:42:19+00:00\",\"dateModified\":\"2025-09-19T20:54:26+00:00\",\"breadcrumb\":{\"@id\":\"https:\\\/\\\/of3dacademy.com\\\/es\\\/slo10-mvz-ppf10-ds01\\\/#breadcrumb\"},\"inLanguage\":\"es\",\"potentialAction\":[{\"@type\":\"ReadAction\",\"target\":[\"https:\\\/\\\/of3dacademy.com\\\/es\\\/slo10-mvz-ppf10-ds01\\\/\"]}]},{\"@type\":\"BreadcrumbList\",\"@id\":\"https:\\\/\\\/of3dacademy.com\\\/es\\\/slo10-mvz-ppf10-ds01\\\/#breadcrumb\",\"itemListElement\":[{\"@type\":\"ListItem\",\"position\":1,\"name\":\"Home\",\"item\":\"https:\\\/\\\/of3dacademy.com\\\/es\\\/\"},{\"@type\":\"ListItem\",\"position\":2,\"name\":\"\u00a1CREA UNA ANIMACI\u00d3N DE TU PROYECTO CON IA!\"}]},{\"@type\":\"WebSite\",\"@id\":\"https:\\\/\\\/of3dacademy.com\\\/es\\\/#website\",\"url\":\"https:\\\/\\\/of3dacademy.com\\\/es\\\/\",\"name\":\"OF3D Academy\",\"description\":\"Render Is Cool\",\"potentialAction\":[{\"@type\":\"SearchAction\",\"target\":{\"@type\":\"EntryPoint\",\"urlTemplate\":\"https:\\\/\\\/of3dacademy.com\\\/es\\\/?s={search_term_string}\"},\"query-input\":{\"@type\":\"PropertyValueSpecification\",\"valueRequired\":true,\"valueName\":\"search_term_string\"}}],\"inLanguage\":\"es\"}]}<\/script>\n<!-- \/ Yoast SEO Premium plugin. -->","yoast_head_json":{"title":"\u00a1CREA UNA ANIMACI\u00d3N DE TU PROYECTO CON IA! - OF3D Academy","robots":{"index":"index","follow":"follow","max-snippet":"max-snippet:-1","max-image-preview":"max-image-preview:large","max-video-preview":"max-video-preview:-1"},"canonical":"https:\/\/of3dacademy.com\/es\/slo10-mvz-ppf10-ds01\/","og_locale":"es_ES","og_type":"article","og_title":"\u00a1CREA UNA ANIMACI\u00d3N DE TU PROYECTO CON IA!","og_description":"\u00daLTIMA OPORTUNIDAD: Ll\u00e9vate solo la Clase de IA del Plan A y descubre c\u00f3mo animar tu render realista Esta es tu oportunidad de acceder a las dos clases m\u00e1s importantes del Plan A sin tener que adquirir la inmersi\u00f3n completa. Convierte tu render en una animaci\u00f3n realista usando solo Inteligencia Artificial. Completa el formulario abajo [&hellip;]","og_url":"https:\/\/of3dacademy.com\/es\/slo10-mvz-ppf10-ds01\/","og_site_name":"OF3D Academy","article_modified_time":"2025-09-19T20:54:26+00:00","og_image":[{"width":587,"height":438,"url":"https:\/\/of3dacademy.com\/wp-content\/uploads\/2024\/03\/icone-academy-social.png","type":"image\/png"}],"twitter_card":"summary_large_image","schema":{"@context":"https:\/\/schema.org","@graph":[{"@type":"WebPage","@id":"https:\/\/of3dacademy.com\/es\/slo10-mvz-ppf10-ds01\/","url":"https:\/\/of3dacademy.com\/es\/slo10-mvz-ppf10-ds01\/","name":"\u00a1CREA UNA ANIMACI\u00d3N DE TU PROYECTO CON IA! - OF3D Academy","isPartOf":{"@id":"https:\/\/of3dacademy.com\/es\/#website"},"datePublished":"2025-09-16T18:42:19+00:00","dateModified":"2025-09-19T20:54:26+00:00","breadcrumb":{"@id":"https:\/\/of3dacademy.com\/es\/slo10-mvz-ppf10-ds01\/#breadcrumb"},"inLanguage":"es","potentialAction":[{"@type":"ReadAction","target":["https:\/\/of3dacademy.com\/es\/slo10-mvz-ppf10-ds01\/"]}]},{"@type":"BreadcrumbList","@id":"https:\/\/of3dacademy.com\/es\/slo10-mvz-ppf10-ds01\/#breadcrumb","itemListElement":[{"@type":"ListItem","position":1,"name":"Home","item":"https:\/\/of3dacademy.com\/es\/"},{"@type":"ListItem","position":2,"name":"\u00a1CREA UNA ANIMACI\u00d3N DE TU PROYECTO CON IA!"}]},{"@type":"WebSite","@id":"https:\/\/of3dacademy.com\/es\/#website","url":"https:\/\/of3dacademy.com\/es\/","name":"OF3D Academy","description":"Render Is Cool","potentialAction":[{"@type":"SearchAction","target":{"@type":"EntryPoint","urlTemplate":"https:\/\/of3dacademy.com\/es\/?s={search_term_string}"},"query-input":{"@type":"PropertyValueSpecification","valueRequired":true,"valueName":"search_term_string"}}],"inLanguage":"es"}]}},"_links":{"self":[{"href":"https:\/\/of3dacademy.com\/es\/wp-json\/wp\/v2\/pages\/19074","targetHints":{"allow":["GET"]}}],"collection":[{"href":"https:\/\/of3dacademy.com\/es\/wp-json\/wp\/v2\/pages"}],"about":[{"href":"https:\/\/of3dacademy.com\/es\/wp-json\/wp\/v2\/types\/page"}],"author":[{"embeddable":true,"href":"https:\/\/of3dacademy.com\/es\/wp-json\/wp\/v2\/users\/4"}],"replies":[{"embeddable":true,"href":"https:\/\/of3dacademy.com\/es\/wp-json\/wp\/v2\/comments?post=19074"}],"version-history":[{"count":0,"href":"https:\/\/of3dacademy.com\/es\/wp-json\/wp\/v2\/pages\/19074\/revisions"}],"wp:attachment":[{"href":"https:\/\/of3dacademy.com\/es\/wp-json\/wp\/v2\/media?parent=19074"}],"wp:term":[{"taxonomy":"folder","embeddable":true,"href":"https:\/\/of3dacademy.com\/es\/wp-json\/wp\/v2\/folder?post=19074"}],"curies":[{"name":"wp","href":"https:\/\/api.w.org\/{rel}","templated":true}]}}