{"id":19070,"date":"2025-09-16T15:28:08","date_gmt":"2025-09-16T18:28:08","guid":{"rendered":"https:\/\/of3dacademy.com\/f09-ticket-upsell\/"},"modified":"2025-09-22T16:41:23","modified_gmt":"2025-09-22T19:41:23","slug":"slo10-mvz-ppf10-up01","status":"publish","type":"page","link":"https:\/\/of3dacademy.com\/es\/slo10-mvz-ppf10-up01\/","title":{"rendered":"EL PLAN A COMPLETO"},"content":{"rendered":"\t\t<div data-elementor-type=\"wp-page\" data-elementor-id=\"19070\" class=\"elementor elementor-19070 elementor-18975\" data-elementor-post-type=\"page\">\n\t\t\t\t<div class=\"elementor-element elementor-element-1c1a147e e-flex e-con-boxed e-con e-parent\" data-id=\"1c1a147e\" data-element_type=\"container\" data-e-type=\"container\" data-settings=\"{&quot;background_background&quot;:&quot;classic&quot;,&quot;jet_parallax_layout_list&quot;:[]}\">\n\t\t\t\t\t<div class=\"e-con-inner\">\n\t\t\t\t<div class=\"elementor-element elementor-element-63eb5e48 elementor-widget elementor-widget-progress\" data-id=\"63eb5e48\" data-element_type=\"widget\" data-e-type=\"widget\" data-widget_type=\"progress.default\">\n\t\t\t\t\t\n\t\t<div class=\"elementor-progress-wrapper\" role=\"progressbar\" aria-valuemin=\"0\" aria-valuemax=\"100\" aria-valuenow=\"75\">\n\t\t\t<div class=\"elementor-progress-bar\" data-max=\"75\">\n\t\t\t\t<span class=\"elementor-progress-text\"><\/span>\n\t\t\t\t\t\t\t\t\t<span class=\"elementor-progress-percentage\">75%<\/span>\n\t\t\t\t\t\t\t<\/div>\n\t\t<\/div>\n\t\t\t\t\t\t<\/div>\n\t\t\t\t<div class=\"elementor-element elementor-element-772f1197 elementor-widget elementor-widget-heading\" data-id=\"772f1197\" data-element_type=\"widget\" data-e-type=\"widget\" data-widget_type=\"heading.default\">\n\t\t\t\t\t<h2 class=\"elementor-heading-title elementor-size-default\"><font color=\"FA7308\">Importante:<\/font>\nNo cierres esta p\u00e1gina.<\/h2>\t\t\t\t<\/div>\n\t\t\t\t<div class=\"elementor-element elementor-element-2c95fe21 elementor-widget elementor-widget-heading\" data-id=\"2c95fe21\" data-element_type=\"widget\" data-e-type=\"widget\" data-widget_type=\"heading.default\">\n\t\t\t\t\t<h2 class=\"elementor-heading-title elementor-size-default\">Esta oportunidad no volver\u00e1 a estar disponible.<br><b>Mira el video para entender por qu\u00e9.<\/b><\/h2>\t\t\t\t<\/div>\n\t\t\t\t<div class=\"elementor-element elementor-element-30ecdfa9 elementor-widget elementor-widget-html\" data-id=\"30ecdfa9\" data-element_type=\"widget\" data-e-type=\"widget\" data-widget_type=\"html.default\">\n\t\t\t\t\t<div style=\"position:relative;padding-top:56.25%;\"><iframe id=\"panda-e2d7d833-67fc-475c-9300-435d224dbb17\" src=\"https:\/\/player-vz-1644942f-a5e.tv.pandavideo.com.br\/embed\/?v=e2d7d833-67fc-475c-9300-435d224dbb17\" style=\"border:none;position:absolute;top:0;left:0;-webkit-border-radius: 25px; -moz-border-radius: 25px; border-radius: 25px;\" allow=\"accelerometer;gyroscope;autoplay;encrypted-media;picture-in-picture\" allowfullscreen=\"true\" width=\"100%\" height=\"100%\" fetchpriority=\"high\"><\/iframe><\/div>\t\t\t\t<\/div>\n\t\t\t\t<div class=\"elementor-element elementor-element-2f815c68 elementor-widget elementor-widget-html\" data-id=\"2f815c68\" data-element_type=\"widget\" data-e-type=\"widget\" data-widget_type=\"html.default\">\n\t\t\t\t\t<!-- HOTMART - Sales Funnel Widget --> <!--- sales funnel container ---> <div id=\"hotmart-sales-funnel\"><\/div> <!--- script load and setup ---> <script src=\"https:\/\/checkout.hotmart.com\/lib\/hotmart-checkout-elements.js\"><\/script> <script> checkoutElements.init('salesFunnel').mount('#hotmart-sales-funnel') <\/script> <!-- HOTMART - Sales Funnel Widget -->\t\t\t\t<\/div>\n\t\t\t\t\t<\/div>\n\t\t\t\t<\/div>\n\t\t<div class=\"elementor-element elementor-element-790fca02 e-flex e-con-boxed e-con e-parent\" data-id=\"790fca02\" data-element_type=\"container\" data-e-type=\"container\" data-settings=\"{&quot;background_background&quot;:&quot;classic&quot;,&quot;jet_parallax_layout_list&quot;:[]}\">\n\t\t\t\t\t<div class=\"e-con-inner\">\n\t\t<div class=\"elementor-element elementor-element-6867c5dc e-con-full e-flex e-con e-child\" data-id=\"6867c5dc\" data-element_type=\"container\" data-e-type=\"container\" data-settings=\"{&quot;jet_parallax_layout_list&quot;:[]}\">\n\t\t\t\t<div class=\"elementor-element elementor-element-14e690c1 elementor-widget__width-initial elementor-widget elementor-widget-text-editor\" data-id=\"14e690c1\" data-element_type=\"widget\" data-e-type=\"widget\" data-widget_type=\"text-editor.default\">\n\t\t\t\t\t\t\t\t\tCopyright \u00a9 OF3D Academy. Todos los derechos reservados.  \t\t\t\t\t\t\t\t<\/div>\n\t\t\t\t<\/div>\n\t\t\t\t\t<\/div>\n\t\t\t\t<\/div>\n\t\t\t\t<\/div>\n\t\t","protected":false},"excerpt":{"rendered":"<p>75% Importante: No cierres esta p\u00e1gina. Esta oportunidad no volver\u00e1 a estar disponible.Mira el video para entender por qu\u00e9. Copyright \u00a9 OF3D Academy. Todos los derechos reservados.<\/p>\n","protected":false},"author":4,"featured_media":0,"parent":0,"menu_order":0,"comment_status":"closed","ping_status":"closed","template":"elementor_canvas","meta":{"footnotes":""},"folder":[75],"class_list":["post-19070","page","type-page","status-publish","hentry"],"yoast_head":"<!-- This site is optimized with the Yoast SEO Premium plugin v27.1 (Yoast SEO v27.3) - https:\/\/yoast.com\/product\/yoast-seo-premium-wordpress\/ -->\n<title>EL PLAN A COMPLETO - OF3D Academy<\/title>\n<meta name=\"robots\" content=\"index, follow, max-snippet:-1, max-image-preview:large, max-video-preview:-1\" \/>\n<link rel=\"canonical\" href=\"https:\/\/of3dacademy.com\/es\/slo10-mvz-ppf10-up01\/\" \/>\n<meta property=\"og:locale\" content=\"es_ES\" \/>\n<meta property=\"og:type\" content=\"article\" \/>\n<meta property=\"og:title\" content=\"EL PLAN A COMPLETO\" \/>\n<meta property=\"og:description\" content=\"75% Importante: No cierres esta p\u00e1gina. Esta oportunidad no volver\u00e1 a estar disponible.Mira el video para entender por qu\u00e9. Copyright \u00a9 OF3D Academy. Todos los derechos reservados.\" \/>\n<meta property=\"og:url\" content=\"https:\/\/of3dacademy.com\/es\/slo10-mvz-ppf10-up01\/\" \/>\n<meta property=\"og:site_name\" content=\"OF3D Academy\" \/>\n<meta property=\"article:modified_time\" content=\"2025-09-22T19:41:23+00:00\" \/>\n<meta property=\"og:image\" content=\"https:\/\/of3dacademy.com\/wp-content\/uploads\/2024\/03\/icone-academy-social.png\" \/>\n\t<meta property=\"og:image:width\" content=\"587\" \/>\n\t<meta property=\"og:image:height\" content=\"438\" \/>\n\t<meta property=\"og:image:type\" content=\"image\/png\" \/>\n<meta name=\"twitter:card\" content=\"summary_large_image\" \/>\n<script type=\"application\/ld+json\" class=\"yoast-schema-graph\">{\"@context\":\"https:\\\/\\\/schema.org\",\"@graph\":[{\"@type\":\"WebPage\",\"@id\":\"https:\\\/\\\/of3dacademy.com\\\/es\\\/slo10-mvz-ppf10-up01\\\/\",\"url\":\"https:\\\/\\\/of3dacademy.com\\\/es\\\/slo10-mvz-ppf10-up01\\\/\",\"name\":\"EL PLAN A COMPLETO - OF3D Academy\",\"isPartOf\":{\"@id\":\"https:\\\/\\\/of3dacademy.com\\\/es\\\/#website\"},\"datePublished\":\"2025-09-16T18:28:08+00:00\",\"dateModified\":\"2025-09-22T19:41:23+00:00\",\"breadcrumb\":{\"@id\":\"https:\\\/\\\/of3dacademy.com\\\/es\\\/slo10-mvz-ppf10-up01\\\/#breadcrumb\"},\"inLanguage\":\"es\",\"potentialAction\":[{\"@type\":\"ReadAction\",\"target\":[\"https:\\\/\\\/of3dacademy.com\\\/es\\\/slo10-mvz-ppf10-up01\\\/\"]}]},{\"@type\":\"BreadcrumbList\",\"@id\":\"https:\\\/\\\/of3dacademy.com\\\/es\\\/slo10-mvz-ppf10-up01\\\/#breadcrumb\",\"itemListElement\":[{\"@type\":\"ListItem\",\"position\":1,\"name\":\"Home\",\"item\":\"https:\\\/\\\/of3dacademy.com\\\/es\\\/\"},{\"@type\":\"ListItem\",\"position\":2,\"name\":\"EL PLAN A COMPLETO\"}]},{\"@type\":\"WebSite\",\"@id\":\"https:\\\/\\\/of3dacademy.com\\\/es\\\/#website\",\"url\":\"https:\\\/\\\/of3dacademy.com\\\/es\\\/\",\"name\":\"OF3D Academy\",\"description\":\"Render Is Cool\",\"potentialAction\":[{\"@type\":\"SearchAction\",\"target\":{\"@type\":\"EntryPoint\",\"urlTemplate\":\"https:\\\/\\\/of3dacademy.com\\\/es\\\/?s={search_term_string}\"},\"query-input\":{\"@type\":\"PropertyValueSpecification\",\"valueRequired\":true,\"valueName\":\"search_term_string\"}}],\"inLanguage\":\"es\"}]}<\/script>\n<!-- \/ Yoast SEO Premium plugin. -->","yoast_head_json":{"title":"EL PLAN A COMPLETO - OF3D Academy","robots":{"index":"index","follow":"follow","max-snippet":"max-snippet:-1","max-image-preview":"max-image-preview:large","max-video-preview":"max-video-preview:-1"},"canonical":"https:\/\/of3dacademy.com\/es\/slo10-mvz-ppf10-up01\/","og_locale":"es_ES","og_type":"article","og_title":"EL PLAN A COMPLETO","og_description":"75% Importante: No cierres esta p\u00e1gina. Esta oportunidad no volver\u00e1 a estar disponible.Mira el video para entender por qu\u00e9. Copyright \u00a9 OF3D Academy. Todos los derechos reservados.","og_url":"https:\/\/of3dacademy.com\/es\/slo10-mvz-ppf10-up01\/","og_site_name":"OF3D Academy","article_modified_time":"2025-09-22T19:41:23+00:00","og_image":[{"width":587,"height":438,"url":"https:\/\/of3dacademy.com\/wp-content\/uploads\/2024\/03\/icone-academy-social.png","type":"image\/png"}],"twitter_card":"summary_large_image","schema":{"@context":"https:\/\/schema.org","@graph":[{"@type":"WebPage","@id":"https:\/\/of3dacademy.com\/es\/slo10-mvz-ppf10-up01\/","url":"https:\/\/of3dacademy.com\/es\/slo10-mvz-ppf10-up01\/","name":"EL PLAN A COMPLETO - OF3D Academy","isPartOf":{"@id":"https:\/\/of3dacademy.com\/es\/#website"},"datePublished":"2025-09-16T18:28:08+00:00","dateModified":"2025-09-22T19:41:23+00:00","breadcrumb":{"@id":"https:\/\/of3dacademy.com\/es\/slo10-mvz-ppf10-up01\/#breadcrumb"},"inLanguage":"es","potentialAction":[{"@type":"ReadAction","target":["https:\/\/of3dacademy.com\/es\/slo10-mvz-ppf10-up01\/"]}]},{"@type":"BreadcrumbList","@id":"https:\/\/of3dacademy.com\/es\/slo10-mvz-ppf10-up01\/#breadcrumb","itemListElement":[{"@type":"ListItem","position":1,"name":"Home","item":"https:\/\/of3dacademy.com\/es\/"},{"@type":"ListItem","position":2,"name":"EL PLAN A COMPLETO"}]},{"@type":"WebSite","@id":"https:\/\/of3dacademy.com\/es\/#website","url":"https:\/\/of3dacademy.com\/es\/","name":"OF3D Academy","description":"Render Is Cool","potentialAction":[{"@type":"SearchAction","target":{"@type":"EntryPoint","urlTemplate":"https:\/\/of3dacademy.com\/es\/?s={search_term_string}"},"query-input":{"@type":"PropertyValueSpecification","valueRequired":true,"valueName":"search_term_string"}}],"inLanguage":"es"}]}},"_links":{"self":[{"href":"https:\/\/of3dacademy.com\/es\/wp-json\/wp\/v2\/pages\/19070","targetHints":{"allow":["GET"]}}],"collection":[{"href":"https:\/\/of3dacademy.com\/es\/wp-json\/wp\/v2\/pages"}],"about":[{"href":"https:\/\/of3dacademy.com\/es\/wp-json\/wp\/v2\/types\/page"}],"author":[{"embeddable":true,"href":"https:\/\/of3dacademy.com\/es\/wp-json\/wp\/v2\/users\/4"}],"replies":[{"embeddable":true,"href":"https:\/\/of3dacademy.com\/es\/wp-json\/wp\/v2\/comments?post=19070"}],"version-history":[{"count":0,"href":"https:\/\/of3dacademy.com\/es\/wp-json\/wp\/v2\/pages\/19070\/revisions"}],"wp:attachment":[{"href":"https:\/\/of3dacademy.com\/es\/wp-json\/wp\/v2\/media?parent=19070"}],"wp:term":[{"taxonomy":"folder","embeddable":true,"href":"https:\/\/of3dacademy.com\/es\/wp-json\/wp\/v2\/folder?post=19070"}],"curies":[{"name":"wp","href":"https:\/\/api.w.org\/{rel}","templated":true}]}}