{"id":17092,"date":"2025-07-17T14:13:37","date_gmt":"2025-07-17T17:13:37","guid":{"rendered":"https:\/\/of3dacademy.com\/venta-adicional-masterviz-3ds-max\/"},"modified":"2025-08-13T11:32:59","modified_gmt":"2025-08-13T14:32:59","slug":"slo05-3dsmax-ppf05-up01","status":"publish","type":"page","link":"https:\/\/of3dacademy.com\/es\/slo05-3dsmax-ppf05-up01\/","title":{"rendered":"Oferta Exclusiva &#8211; OF3D Academy"},"content":{"rendered":"\t\t<div data-elementor-type=\"wp-page\" data-elementor-id=\"17092\" class=\"elementor elementor-17092 elementor-16559\" data-elementor-post-type=\"page\">\n\t\t\t\t<div class=\"elementor-element elementor-element-218f554 elementor-hidden-widescreen elementor-hidden-desktop elementor-hidden-laptop elementor-hidden-tablet elementor-hidden-mobile e-flex e-con-boxed e-con e-parent\" data-id=\"218f554\" data-element_type=\"container\" data-e-type=\"container\" data-settings=\"{&quot;background_background&quot;:&quot;classic&quot;,&quot;jet_parallax_layout_list&quot;:[]}\">\n\t\t\t\t\t<div class=\"e-con-inner\">\n\t\t<div class=\"elementor-element elementor-element-1f6e334 e-con-full e-flex e-con e-child\" data-id=\"1f6e334\" data-element_type=\"container\" data-e-type=\"container\" data-settings=\"{&quot;jet_parallax_layout_list&quot;:[]}\">\n\t\t\t\t<div class=\"elementor-element elementor-element-4ff2891 elementor-widget__width-initial elementor-widget-laptop__width-initial elementor-widget elementor-widget-progress\" data-id=\"4ff2891\" data-element_type=\"widget\" data-e-type=\"widget\" data-widget_type=\"progress.default\">\n\t\t\t\t\t\n\t\t<div class=\"elementor-progress-wrapper\" role=\"progressbar\" aria-valuemin=\"0\" aria-valuemax=\"100\" aria-valuenow=\"75\">\n\t\t\t<div class=\"elementor-progress-bar\" data-max=\"75\">\n\t\t\t\t<span class=\"elementor-progress-text\"><\/span>\n\t\t\t\t\t\t\t\t\t<span class=\"elementor-progress-percentage\">75%<\/span>\n\t\t\t\t\t\t\t<\/div>\n\t\t<\/div>\n\t\t\t\t\t\t<\/div>\n\t\t\t\t<div class=\"elementor-element elementor-element-e61fda7 elementor-widget elementor-widget-heading\" data-id=\"e61fda7\" data-element_type=\"widget\" data-e-type=\"widget\" data-widget_type=\"heading.default\">\n\t\t\t\t\t<h2 class=\"elementor-heading-title elementor-size-default\"> <font color=\"fa7308\">Oferta exclusiva:<\/font> Crea tu primer Render Realista antes de salir de esta p\u00e1gina.<\/h2>\t\t\t\t<\/div>\n\t\t\t\t<\/div>\n\t\t<div class=\"elementor-element elementor-element-1b4b92c e-con-full e-flex e-con e-child\" data-id=\"1b4b92c\" data-element_type=\"container\" data-e-type=\"container\" data-settings=\"{&quot;jet_parallax_layout_list&quot;:[]}\">\n\t\t\t\t<div class=\"elementor-element elementor-element-ddf1e31 elementor-widget elementor-widget-heading\" data-id=\"ddf1e31\" data-element_type=\"widget\" data-e-type=\"widget\" data-widget_type=\"heading.default\">\n\t\t\t\t\t<h2 class=\"elementor-heading-title elementor-size-default\">Ya desbloqueaste 3ds Max. Ahora vamos a crear juntos tu primer Render Realista que parece una foto de arquitectura. <\/h2>\t\t\t\t<\/div>\n\t\t\t\t<div class=\"elementor-element elementor-element-7ae1b36 elementor-widget__width-initial elementor-widget elementor-widget-heading\" data-id=\"7ae1b36\" data-element_type=\"widget\" data-e-type=\"widget\" data-widget_type=\"heading.default\">\n\t\t\t\t\t<h2 class=\"elementor-heading-title elementor-size-default\">En esta masterclass pr\u00e1ctica y directa al grano, vas a seguir todo mi proceso para desarrollar una escena real y terminar con un Render Brutal listo para usar.\n<\/h2>\t\t\t\t<\/div>\n\t\t\t\t<div class=\"elementor-element elementor-element-de984c0 elementor-widget__width-initial elementor-widget elementor-widget-heading\" data-id=\"de984c0\" data-element_type=\"widget\" data-e-type=\"widget\" data-widget_type=\"heading.default\">\n\t\t\t\t\t<h2 class=\"elementor-heading-title elementor-size-default\">Esta Renderclass estaba valorada originalmente en <s>$197<\/s> , pero como acabas de unirte al Workshop de 3ds Max Desde Cero, puedes agregarla ahora a tu paquete por solo $47.<\/h2>\t\t\t\t<\/div>\n\t\t\t\t<div class=\"elementor-element elementor-element-5b7b14a elementor-widget__width-initial elementor-widget elementor-widget-heading\" data-id=\"5b7b14a\" data-element_type=\"widget\" data-e-type=\"widget\" data-widget_type=\"heading.default\">\n\t\t\t\t\t<h2 class=\"elementor-heading-title elementor-size-default\"><strong>Esta oferta no volver\u00e1 a aparecer.  \n<\/strong>Es ahora o nunca.\n\n<\/h2>\t\t\t\t<\/div>\n\t\t\t\t<\/div>\n\t\t<div class=\"elementor-element elementor-element-9caa58d e-con-full e-flex e-con e-child\" data-id=\"9caa58d\" data-element_type=\"container\" data-e-type=\"container\" data-settings=\"{&quot;jet_parallax_layout_list&quot;:[]}\">\n\t\t\t\t<div class=\"elementor-element elementor-element-b0026cb elementor-widget elementor-widget-image\" data-id=\"b0026cb\" data-element_type=\"widget\" data-e-type=\"widget\" data-widget_type=\"image.default\">\n\t\t\t\t\t\t\t\t\t\t\t\t\t\t\t<img fetchpriority=\"high\" decoding=\"async\" width=\"1600\" height=\"2000\" src=\"https:\/\/of3dacademy.com\/wp-content\/uploads\/2025\/07\/JAPAN-HOUSE_04-SUNNY-DAY_resultado.webp\" class=\"attachment-full size-full wp-image-16566\" alt=\"\" srcset=\"https:\/\/of3dacademy.com\/wp-content\/uploads\/2025\/07\/JAPAN-HOUSE_04-SUNNY-DAY_resultado.webp 1600w, https:\/\/of3dacademy.com\/wp-content\/uploads\/2025\/07\/JAPAN-HOUSE_04-SUNNY-DAY_resultado-240x300.webp 240w, https:\/\/of3dacademy.com\/wp-content\/uploads\/2025\/07\/JAPAN-HOUSE_04-SUNNY-DAY_resultado-819x1024.webp 819w, https:\/\/of3dacademy.com\/wp-content\/uploads\/2025\/07\/JAPAN-HOUSE_04-SUNNY-DAY_resultado-768x960.webp 768w, https:\/\/of3dacademy.com\/wp-content\/uploads\/2025\/07\/JAPAN-HOUSE_04-SUNNY-DAY_resultado-1229x1536.webp 1229w\" sizes=\"(max-width: 1600px) 100vw, 1600px\" \/>\t\t\t\t\t\t\t\t\t\t\t\t\t\t\t<\/div>\n\t\t\t\t<\/div>\n\t\t<div class=\"elementor-element elementor-element-c537ea7 e-con-full e-flex e-con e-child\" data-id=\"c537ea7\" data-element_type=\"container\" data-e-type=\"container\" data-settings=\"{&quot;jet_parallax_layout_list&quot;:[]}\">\n\t\t\t\t<div class=\"elementor-element elementor-element-f840b23 elementor-widget__width-initial elementor-widget elementor-widget-image\" data-id=\"f840b23\" data-element_type=\"widget\" data-e-type=\"widget\" data-widget_type=\"image.default\">\n\t\t\t\t\t\t\t\t\t\t\t\t\t\t\t<img decoding=\"async\" width=\"512\" height=\"512\" src=\"https:\/\/of3dacademy.com\/wp-content\/uploads\/2025\/07\/exclamacao-laranja-circle.svg\" class=\"attachment-large size-large wp-image-16573\" alt=\"\" \/>\t\t\t\t\t\t\t\t\t\t\t\t\t\t\t<\/div>\n\t\t\t\t<div class=\"elementor-element elementor-element-ffa30c5 elementor-widget-mobile__width-inherit elementor-widget elementor-widget-heading\" data-id=\"ffa30c5\" data-element_type=\"widget\" data-e-type=\"widget\" data-widget_type=\"heading.default\">\n\t\t\t\t\t<h2 class=\"elementor-heading-title elementor-size-default\">Muchos alumnos usaron exactamente este contenido para conseguir sus primeros contratos pagados de render de arquitectura. \u00bfEst\u00e1s listo? El bot\u00f3n est\u00e1 justo aqu\u00ed abajo:  <\/h2>\t\t\t\t<\/div>\n\t\t\t\t<\/div>\n\t\t<div class=\"elementor-element elementor-element-ee0af3e e-con-full e-flex e-con e-child\" data-id=\"ee0af3e\" data-element_type=\"container\" data-e-type=\"container\" data-settings=\"{&quot;jet_parallax_layout_list&quot;:[]}\">\n\t\t\t\t<\/div>\n\t\t\t\t\t<\/div>\n\t\t\t\t<\/div>\n\t\t<div class=\"elementor-element elementor-element-378598a e-flex e-con-boxed e-con e-parent\" data-id=\"378598a\" data-element_type=\"container\" data-e-type=\"container\" data-settings=\"{&quot;background_background&quot;:&quot;classic&quot;,&quot;jet_parallax_layout_list&quot;:[]}\">\n\t\t\t\t\t<div class=\"e-con-inner\">\n\t\t\t\t<div class=\"elementor-element elementor-element-b81fc3c elementor-widget elementor-widget-progress\" data-id=\"b81fc3c\" data-element_type=\"widget\" data-e-type=\"widget\" data-widget_type=\"progress.default\">\n\t\t\t\t\t\n\t\t<div class=\"elementor-progress-wrapper\" role=\"progressbar\" aria-valuemin=\"0\" aria-valuemax=\"100\" aria-valuenow=\"75\">\n\t\t\t<div class=\"elementor-progress-bar\" data-max=\"75\">\n\t\t\t\t<span class=\"elementor-progress-text\"><\/span>\n\t\t\t\t\t\t\t\t\t<span class=\"elementor-progress-percentage\">75%<\/span>\n\t\t\t\t\t\t\t<\/div>\n\t\t<\/div>\n\t\t\t\t\t\t<\/div>\n\t\t\t\t<div class=\"elementor-element elementor-element-9441c83 elementor-widget elementor-widget-heading\" data-id=\"9441c83\" data-element_type=\"widget\" data-e-type=\"widget\" data-widget_type=\"heading.default\">\n\t\t\t\t\t<h2 class=\"elementor-heading-title elementor-size-default\"><font color=\"FA7308\">Importante:<\/font>\nNo cierres esta p\u00e1gina.<\/h2>\t\t\t\t<\/div>\n\t\t\t\t<div class=\"elementor-element elementor-element-f6ef8fb elementor-widget elementor-widget-heading\" data-id=\"f6ef8fb\" data-element_type=\"widget\" data-e-type=\"widget\" data-widget_type=\"heading.default\">\n\t\t\t\t\t<h2 class=\"elementor-heading-title elementor-size-default\">Esta oportunidad no estar\u00e1 disponible nuevamente.<br><strong>Mira el video y entiende por qu\u00e9.<\/strong><\/h2>\t\t\t\t<\/div>\n\t\t\t\t<div class=\"elementor-element elementor-element-99867bf elementor-widget elementor-widget-html\" data-id=\"99867bf\" data-element_type=\"widget\" data-e-type=\"widget\" data-widget_type=\"html.default\">\n\t\t\t\t\t<div style=\"position:relative;padding-top:56.25%;\">\r\n  <iframe id=\"panda-8e230be4-d7c4-4b16-8130-53bbd4f7b562\" src=\"https:\/\/player-vz-1644942f-a5e.tv.pandavideo.com.br\/embed\/?v=a0f75194-da4d-41ad-a6d2-a7d7f3435aea\" style=\"border:none;position:absolute;top:0;left:0;width:100%;height:100%;border-radius:25px;\" allow=\"accelerometer;gyroscope;autoplay;encrypted-media;picture-in-picture\" allowfullscreen=\"\" width=\"100%\" height=\"100%\" fetchpriority=\"high\">\r\n  <\/iframe>\r\n<\/div>\t\t\t\t<\/div>\n\t\t<div class=\"elementor-element elementor-element-a420aed e-con-full e-flex e-con e-child\" data-id=\"a420aed\" data-element_type=\"container\" data-e-type=\"container\" data-settings=\"{&quot;jet_parallax_layout_list&quot;:[]}\">\n\t\t\t\t<div class=\"elementor-element elementor-element-fae77e8 elementor-widget elementor-widget-html\" data-id=\"fae77e8\" data-element_type=\"widget\" data-e-type=\"widget\" data-widget_type=\"html.default\">\n\t\t\t\t\t<!-- HOTMART - Sales Funnel Widget -->\n<!--- sales funnel container --->\n<div id=\"hotmart-sales-funnel\"><\/div>\n\n<!--- script load and setup --->\n<script src=\"https:\/\/checkout.hotmart.com\/lib\/hotmart-checkout-elements.js\"><\/script>\n<script>\ncheckoutElements.init('salesFunnel').mount('#hotmart-sales-funnel')\n<\/script>\n<!-- HOTMART - Sales Funnel Widget -->\t\t\t\t<\/div>\n\t\t\t\t<\/div>\n\t\t\t\t\t<\/div>\n\t\t\t\t<\/div>\n\t\t\t\t<\/div>\n\t\t","protected":false},"excerpt":{"rendered":"<p>75% Oferta exclusiva: Crea tu primer Render Realista antes de salir de esta p\u00e1gina. Ya desbloqueaste 3ds Max. Ahora vamos a crear juntos tu primer Render Realista que parece una foto de arquitectura. En esta masterclass pr\u00e1ctica y directa al grano, vas a seguir todo mi proceso para desarrollar una escena real y terminar con [&hellip;]<\/p>\n","protected":false},"author":4,"featured_media":0,"parent":0,"menu_order":0,"comment_status":"closed","ping_status":"closed","template":"elementor_canvas","meta":{"footnotes":""},"folder":[68],"class_list":["post-17092","page","type-page","status-publish","hentry"],"yoast_head":"<!-- This site is optimized with the Yoast SEO Premium plugin v27.1 (Yoast SEO v27.3) - https:\/\/yoast.com\/product\/yoast-seo-premium-wordpress\/ -->\n<title>Oferta exclusiva - Academia OF3D<\/title>\n<meta name=\"robots\" content=\"index, follow, max-snippet:-1, max-image-preview:large, max-video-preview:-1\" \/>\n<link rel=\"canonical\" href=\"https:\/\/of3dacademy.com\/es\/slo05-3dsmax-ppf05-up01\/\" \/>\n<meta property=\"og:locale\" content=\"es_ES\" \/>\n<meta property=\"og:type\" content=\"article\" \/>\n<meta property=\"og:title\" content=\"Oferta Exclusiva - OF3D Academy\" \/>\n<meta property=\"og:description\" content=\"75% Oferta exclusiva: Crea tu primer Render Realista antes de salir de esta p\u00e1gina. Ya desbloqueaste 3ds Max. Ahora vamos a crear juntos tu primer Render Realista que parece una foto de arquitectura. En esta masterclass pr\u00e1ctica y directa al grano, vas a seguir todo mi proceso para desarrollar una escena real y terminar con [&hellip;]\" \/>\n<meta property=\"og:url\" content=\"https:\/\/of3dacademy.com\/es\/slo05-3dsmax-ppf05-up01\/\" \/>\n<meta property=\"og:site_name\" content=\"OF3D Academy\" \/>\n<meta property=\"article:modified_time\" content=\"2025-08-13T14:32:59+00:00\" \/>\n<meta property=\"og:image\" content=\"https:\/\/of3dacademy.com\/wp-content\/uploads\/2025\/07\/JAPAN-HOUSE_04-SUNNY-DAY_resultado.webp\" \/>\n<meta name=\"twitter:card\" content=\"summary_large_image\" \/>\n<meta name=\"twitter:label1\" content=\"Tiempo de lectura\" \/>\n\t<meta name=\"twitter:data1\" content=\"2 minutos\" \/>\n<script type=\"application\/ld+json\" class=\"yoast-schema-graph\">{\"@context\":\"https:\\\/\\\/schema.org\",\"@graph\":[{\"@type\":\"WebPage\",\"@id\":\"https:\\\/\\\/of3dacademy.com\\\/es\\\/slo05-3dsmax-ppf05-up01\\\/\",\"url\":\"https:\\\/\\\/of3dacademy.com\\\/es\\\/slo05-3dsmax-ppf05-up01\\\/\",\"name\":\"Oferta exclusiva - Academia OF3D\",\"isPartOf\":{\"@id\":\"https:\\\/\\\/of3dacademy.com\\\/es\\\/#website\"},\"primaryImageOfPage\":{\"@id\":\"https:\\\/\\\/of3dacademy.com\\\/es\\\/slo05-3dsmax-ppf05-up01\\\/#primaryimage\"},\"image\":{\"@id\":\"https:\\\/\\\/of3dacademy.com\\\/es\\\/slo05-3dsmax-ppf05-up01\\\/#primaryimage\"},\"thumbnailUrl\":\"https:\\\/\\\/of3dacademy.com\\\/wp-content\\\/uploads\\\/2025\\\/07\\\/JAPAN-HOUSE_04-SUNNY-DAY_resultado.webp\",\"datePublished\":\"2025-07-17T17:13:37+00:00\",\"dateModified\":\"2025-08-13T14:32:59+00:00\",\"breadcrumb\":{\"@id\":\"https:\\\/\\\/of3dacademy.com\\\/es\\\/slo05-3dsmax-ppf05-up01\\\/#breadcrumb\"},\"inLanguage\":\"es\",\"potentialAction\":[{\"@type\":\"ReadAction\",\"target\":[\"https:\\\/\\\/of3dacademy.com\\\/es\\\/slo05-3dsmax-ppf05-up01\\\/\"]}]},{\"@type\":\"ImageObject\",\"inLanguage\":\"es\",\"@id\":\"https:\\\/\\\/of3dacademy.com\\\/es\\\/slo05-3dsmax-ppf05-up01\\\/#primaryimage\",\"url\":\"https:\\\/\\\/of3dacademy.com\\\/wp-content\\\/uploads\\\/2025\\\/07\\\/JAPAN-HOUSE_04-SUNNY-DAY_resultado.webp\",\"contentUrl\":\"https:\\\/\\\/of3dacademy.com\\\/wp-content\\\/uploads\\\/2025\\\/07\\\/JAPAN-HOUSE_04-SUNNY-DAY_resultado.webp\"},{\"@type\":\"BreadcrumbList\",\"@id\":\"https:\\\/\\\/of3dacademy.com\\\/es\\\/slo05-3dsmax-ppf05-up01\\\/#breadcrumb\",\"itemListElement\":[{\"@type\":\"ListItem\",\"position\":1,\"name\":\"Home\",\"item\":\"https:\\\/\\\/of3dacademy.com\\\/es\\\/\"},{\"@type\":\"ListItem\",\"position\":2,\"name\":\"Venta adicional Masterviz &#8211; 3ds Max\"}]},{\"@type\":\"WebSite\",\"@id\":\"https:\\\/\\\/of3dacademy.com\\\/es\\\/#website\",\"url\":\"https:\\\/\\\/of3dacademy.com\\\/es\\\/\",\"name\":\"OF3D Academy\",\"description\":\"Render Is Cool\",\"potentialAction\":[{\"@type\":\"SearchAction\",\"target\":{\"@type\":\"EntryPoint\",\"urlTemplate\":\"https:\\\/\\\/of3dacademy.com\\\/es\\\/?s={search_term_string}\"},\"query-input\":{\"@type\":\"PropertyValueSpecification\",\"valueRequired\":true,\"valueName\":\"search_term_string\"}}],\"inLanguage\":\"es\"}]}<\/script>\n<!-- \/ Yoast SEO Premium plugin. -->","yoast_head_json":{"title":"Oferta exclusiva - Academia OF3D","robots":{"index":"index","follow":"follow","max-snippet":"max-snippet:-1","max-image-preview":"max-image-preview:large","max-video-preview":"max-video-preview:-1"},"canonical":"https:\/\/of3dacademy.com\/es\/slo05-3dsmax-ppf05-up01\/","og_locale":"es_ES","og_type":"article","og_title":"Oferta Exclusiva - OF3D Academy","og_description":"75% Oferta exclusiva: Crea tu primer Render Realista antes de salir de esta p\u00e1gina. Ya desbloqueaste 3ds Max. Ahora vamos a crear juntos tu primer Render Realista que parece una foto de arquitectura. En esta masterclass pr\u00e1ctica y directa al grano, vas a seguir todo mi proceso para desarrollar una escena real y terminar con [&hellip;]","og_url":"https:\/\/of3dacademy.com\/es\/slo05-3dsmax-ppf05-up01\/","og_site_name":"OF3D Academy","article_modified_time":"2025-08-13T14:32:59+00:00","og_image":[{"url":"https:\/\/of3dacademy.com\/wp-content\/uploads\/2025\/07\/JAPAN-HOUSE_04-SUNNY-DAY_resultado.webp","type":"","width":"","height":""}],"twitter_card":"summary_large_image","twitter_misc":{"Tiempo de lectura":"2 minutos"},"schema":{"@context":"https:\/\/schema.org","@graph":[{"@type":"WebPage","@id":"https:\/\/of3dacademy.com\/es\/slo05-3dsmax-ppf05-up01\/","url":"https:\/\/of3dacademy.com\/es\/slo05-3dsmax-ppf05-up01\/","name":"Oferta exclusiva - Academia OF3D","isPartOf":{"@id":"https:\/\/of3dacademy.com\/es\/#website"},"primaryImageOfPage":{"@id":"https:\/\/of3dacademy.com\/es\/slo05-3dsmax-ppf05-up01\/#primaryimage"},"image":{"@id":"https:\/\/of3dacademy.com\/es\/slo05-3dsmax-ppf05-up01\/#primaryimage"},"thumbnailUrl":"https:\/\/of3dacademy.com\/wp-content\/uploads\/2025\/07\/JAPAN-HOUSE_04-SUNNY-DAY_resultado.webp","datePublished":"2025-07-17T17:13:37+00:00","dateModified":"2025-08-13T14:32:59+00:00","breadcrumb":{"@id":"https:\/\/of3dacademy.com\/es\/slo05-3dsmax-ppf05-up01\/#breadcrumb"},"inLanguage":"es","potentialAction":[{"@type":"ReadAction","target":["https:\/\/of3dacademy.com\/es\/slo05-3dsmax-ppf05-up01\/"]}]},{"@type":"ImageObject","inLanguage":"es","@id":"https:\/\/of3dacademy.com\/es\/slo05-3dsmax-ppf05-up01\/#primaryimage","url":"https:\/\/of3dacademy.com\/wp-content\/uploads\/2025\/07\/JAPAN-HOUSE_04-SUNNY-DAY_resultado.webp","contentUrl":"https:\/\/of3dacademy.com\/wp-content\/uploads\/2025\/07\/JAPAN-HOUSE_04-SUNNY-DAY_resultado.webp"},{"@type":"BreadcrumbList","@id":"https:\/\/of3dacademy.com\/es\/slo05-3dsmax-ppf05-up01\/#breadcrumb","itemListElement":[{"@type":"ListItem","position":1,"name":"Home","item":"https:\/\/of3dacademy.com\/es\/"},{"@type":"ListItem","position":2,"name":"Venta adicional Masterviz &#8211; 3ds Max"}]},{"@type":"WebSite","@id":"https:\/\/of3dacademy.com\/es\/#website","url":"https:\/\/of3dacademy.com\/es\/","name":"OF3D Academy","description":"Render Is Cool","potentialAction":[{"@type":"SearchAction","target":{"@type":"EntryPoint","urlTemplate":"https:\/\/of3dacademy.com\/es\/?s={search_term_string}"},"query-input":{"@type":"PropertyValueSpecification","valueRequired":true,"valueName":"search_term_string"}}],"inLanguage":"es"}]}},"_links":{"self":[{"href":"https:\/\/of3dacademy.com\/es\/wp-json\/wp\/v2\/pages\/17092","targetHints":{"allow":["GET"]}}],"collection":[{"href":"https:\/\/of3dacademy.com\/es\/wp-json\/wp\/v2\/pages"}],"about":[{"href":"https:\/\/of3dacademy.com\/es\/wp-json\/wp\/v2\/types\/page"}],"author":[{"embeddable":true,"href":"https:\/\/of3dacademy.com\/es\/wp-json\/wp\/v2\/users\/4"}],"replies":[{"embeddable":true,"href":"https:\/\/of3dacademy.com\/es\/wp-json\/wp\/v2\/comments?post=17092"}],"version-history":[{"count":0,"href":"https:\/\/of3dacademy.com\/es\/wp-json\/wp\/v2\/pages\/17092\/revisions"}],"wp:attachment":[{"href":"https:\/\/of3dacademy.com\/es\/wp-json\/wp\/v2\/media?parent=17092"}],"wp:term":[{"taxonomy":"folder","embeddable":true,"href":"https:\/\/of3dacademy.com\/es\/wp-json\/wp\/v2\/folder?post=17092"}],"curies":[{"name":"wp","href":"https:\/\/api.w.org\/{rel}","templated":true}]}}