{"id":17705,"date":"2025-08-18T11:27:01","date_gmt":"2025-08-18T14:27:01","guid":{"rendered":"https:\/\/of3dacademy.com\/?page_id=17705"},"modified":"2026-04-29T17:56:56","modified_gmt":"2026-04-29T20:56:56","slug":"slo07-ia-ppf07-up01-3","status":"publish","type":"page","link":"https:\/\/of3dacademy.com\/en\/slo07-ia-ppf07-up01-3\/","title":{"rendered":"One Time Offer &#8211; OF3D Academy"},"content":{"rendered":"\t\t<div data-elementor-type=\"wp-page\" data-elementor-id=\"17705\" class=\"elementor elementor-17705 elementor-17704\" data-elementor-post-type=\"page\">\n\t\t\t\t<div class=\"elementor-element elementor-element-378598a e-flex e-con-boxed e-con e-parent\" data-id=\"378598a\" data-element_type=\"container\" data-e-type=\"container\" data-settings=\"{&quot;background_background&quot;:&quot;classic&quot;,&quot;jet_parallax_layout_list&quot;:[]}\">\n\t\t\t\t\t<div class=\"e-con-inner\">\n\t\t\t\t<div class=\"elementor-element elementor-element-b81fc3c elementor-widget elementor-widget-progress\" data-id=\"b81fc3c\" data-element_type=\"widget\" data-e-type=\"widget\" data-widget_type=\"progress.default\">\n\t\t\t\t\t\n\t\t<div class=\"elementor-progress-wrapper\" role=\"progressbar\" aria-valuemin=\"0\" aria-valuemax=\"100\" aria-valuenow=\"75\">\n\t\t\t<div class=\"elementor-progress-bar\" data-max=\"75\">\n\t\t\t\t<span class=\"elementor-progress-text\"><\/span>\n\t\t\t\t\t\t\t\t\t<span class=\"elementor-progress-percentage\">75%<\/span>\n\t\t\t\t\t\t\t<\/div>\n\t\t<\/div>\n\t\t\t\t\t\t<\/div>\n\t\t<div class=\"elementor-element elementor-element-d1a6eea e-con-full e-flex e-con e-child\" data-id=\"d1a6eea\" data-element_type=\"container\" data-e-type=\"container\" data-settings=\"{&quot;jet_parallax_layout_list&quot;:[]}\">\n\t\t\t\t<div class=\"elementor-element elementor-element-9441c83 elementor-widget elementor-widget-heading\" data-id=\"9441c83\" data-element_type=\"widget\" data-e-type=\"widget\" data-widget_type=\"heading.default\">\n\t\t\t\t\t<h2 class=\"elementor-heading-title elementor-size-default\"><font color=\"FA7308\">Aviso Importante:<\/font>\n<br>N\u00e3o feche esta p\u00e1gina.<\/h2>\t\t\t\t<\/div>\n\t\t\t\t<div class=\"elementor-element elementor-element-f6ef8fb elementor-widget elementor-widget-heading\" data-id=\"f6ef8fb\" data-element_type=\"widget\" data-e-type=\"widget\" data-widget_type=\"heading.default\">\n\t\t\t\t\t<h2 class=\"elementor-heading-title elementor-size-default\">Voc\u00ea nunca ter\u00e1 acesso a essa oportunidade de novo.<br><strong>Assista ao v\u00eddeo e entenda.<\/strong><\/h2>\t\t\t\t<\/div>\n\t\t\t\t<\/div>\n\t\t\t\t<div class=\"elementor-element elementor-element-99867bf elementor-widget elementor-widget-html\" data-id=\"99867bf\" data-element_type=\"widget\" data-e-type=\"widget\" data-widget_type=\"html.default\">\n\t\t\t\t\t<div style=\"position:relative;padding-top:56.25%;\">\r\n  <iframe id=\"panda-7970fc77-b8a1-4457-8c25-3733cd30a577\" src=\"https:\/\/player-vz-1644942f-a5e.tv.pandavideo.com.br\/embed\/?v=7970fc77-b8a1-4457-8c25-3733cd30a577\" style=\"border:none;position:absolute;top:0;left:0;width:100%;height:100%;border-radius:25px;\" allow=\"accelerometer;gyroscope;autoplay;encrypted-media;picture-in-picture\" allowfullscreen=\"\" width=\"100%\" height=\"100%\" fetchpriority=\"high\">\r\n  <\/iframe>\r\n<\/div>\r\n\t\t\t\t<\/div>\n\t\t<div class=\"elementor-element elementor-element-a420aed e-con-full e-flex e-con e-child\" data-id=\"a420aed\" data-element_type=\"container\" data-e-type=\"container\" data-settings=\"{&quot;jet_parallax_layout_list&quot;:[]}\">\n\t\t\t\t<div class=\"elementor-element elementor-element-fae77e8 elementor-widget elementor-widget-html\" data-id=\"fae77e8\" data-element_type=\"widget\" data-e-type=\"widget\" data-widget_type=\"html.default\">\n\t\t\t\t\t<!-- HOTMART - Sales Funnel Widget -->\n<!--- sales funnel container --->\n<div id=\"hotmart-sales-funnel\"><\/div>\n\n<!--- script load and setup --->\n<script src=\"https:\/\/checkout.hotmart.com\/lib\/hotmart-checkout-elements.js\"><\/script>\n<script>\ncheckoutElements.init('salesFunnel').mount('#hotmart-sales-funnel')\n<\/script>\n<!-- HOTMART - Sales Funnel Widget -->\t\t\t\t<\/div>\n\t\t\t\t<\/div>\n\t\t\t\t\t<\/div>\n\t\t\t\t<\/div>\n\t\t\t\t<\/div>\n\t\t","protected":false},"excerpt":{"rendered":"<p>75% Aviso Importante: N\u00e3o feche esta p\u00e1gina. Voc\u00ea nunca ter\u00e1 acesso a essa oportunidade de novo.Assista ao v\u00eddeo e entenda.<\/p>\n","protected":false},"author":4,"featured_media":0,"parent":0,"menu_order":0,"comment_status":"closed","ping_status":"closed","template":"elementor_canvas","meta":{"footnotes":""},"folder":[72],"class_list":["post-17705","page","type-page","status-publish","hentry"],"yoast_head":"<!-- This site is optimized with the Yoast SEO Premium plugin v27.1 (Yoast SEO v27.3) - https:\/\/yoast.com\/product\/yoast-seo-premium-wordpress\/ -->\n<title>One Time Offer - OF3D Academy<\/title>\n<meta name=\"robots\" content=\"index, follow, max-snippet:-1, max-image-preview:large, max-video-preview:-1\" \/>\n<link rel=\"canonical\" href=\"https:\/\/of3dacademy.com\/en\/slo07-ia-ppf07-up01-3\/\" \/>\n<meta property=\"og:locale\" content=\"en_US\" \/>\n<meta property=\"og:type\" content=\"article\" \/>\n<meta property=\"og:title\" content=\"One Time Offer - OF3D Academy\" \/>\n<meta property=\"og:description\" content=\"75% Aviso Importante: N\u00e3o feche esta p\u00e1gina. Voc\u00ea nunca ter\u00e1 acesso a essa oportunidade de novo.Assista ao v\u00eddeo e entenda.\" \/>\n<meta property=\"og:url\" content=\"https:\/\/of3dacademy.com\/en\/slo07-ia-ppf07-up01-3\/\" \/>\n<meta property=\"og:site_name\" content=\"OF3D Academy\" \/>\n<meta property=\"article:modified_time\" content=\"2026-04-29T20:56:56+00:00\" \/>\n<meta property=\"og:image\" content=\"https:\/\/of3dacademy.com\/wp-content\/uploads\/2024\/03\/icone-academy-social.png\" \/>\n\t<meta property=\"og:image:width\" content=\"587\" \/>\n\t<meta property=\"og:image:height\" content=\"438\" \/>\n\t<meta property=\"og:image:type\" content=\"image\/png\" \/>\n<meta name=\"twitter:card\" content=\"summary_large_image\" \/>\n<meta name=\"twitter:label1\" content=\"Est. reading time\" \/>\n\t<meta name=\"twitter:data1\" content=\"2 minutes\" \/>\n<script type=\"application\/ld+json\" class=\"yoast-schema-graph\">{\"@context\":\"https:\\\/\\\/schema.org\",\"@graph\":[{\"@type\":\"WebPage\",\"@id\":\"https:\\\/\\\/of3dacademy.com\\\/en\\\/slo07-ia-ppf07-up01-3\\\/\",\"url\":\"https:\\\/\\\/of3dacademy.com\\\/en\\\/slo07-ia-ppf07-up01-3\\\/\",\"name\":\"One Time Offer - OF3D Academy\",\"isPartOf\":{\"@id\":\"https:\\\/\\\/of3dacademy.com\\\/en\\\/#website\"},\"datePublished\":\"2025-08-18T14:27:01+00:00\",\"dateModified\":\"2026-04-29T20:56:56+00:00\",\"breadcrumb\":{\"@id\":\"https:\\\/\\\/of3dacademy.com\\\/en\\\/slo07-ia-ppf07-up01-3\\\/#breadcrumb\"},\"inLanguage\":\"en-US\",\"potentialAction\":[{\"@type\":\"ReadAction\",\"target\":[\"https:\\\/\\\/of3dacademy.com\\\/en\\\/slo07-ia-ppf07-up01-3\\\/\"]}]},{\"@type\":\"BreadcrumbList\",\"@id\":\"https:\\\/\\\/of3dacademy.com\\\/en\\\/slo07-ia-ppf07-up01-3\\\/#breadcrumb\",\"itemListElement\":[{\"@type\":\"ListItem\",\"position\":1,\"name\":\"Home\",\"item\":\"https:\\\/\\\/of3dacademy.com\\\/en\\\/\"},{\"@type\":\"ListItem\",\"position\":2,\"name\":\"One Time Offer &#8211; OF3D Academy\"}]},{\"@type\":\"WebSite\",\"@id\":\"https:\\\/\\\/of3dacademy.com\\\/en\\\/#website\",\"url\":\"https:\\\/\\\/of3dacademy.com\\\/en\\\/\",\"name\":\"OF3D Academy\",\"description\":\"Render Is Cool\",\"potentialAction\":[{\"@type\":\"SearchAction\",\"target\":{\"@type\":\"EntryPoint\",\"urlTemplate\":\"https:\\\/\\\/of3dacademy.com\\\/en\\\/?s={search_term_string}\"},\"query-input\":{\"@type\":\"PropertyValueSpecification\",\"valueRequired\":true,\"valueName\":\"search_term_string\"}}],\"inLanguage\":\"en-US\"}]}<\/script>\n<!-- \/ Yoast SEO Premium plugin. -->","yoast_head_json":{"title":"One Time Offer - OF3D Academy","robots":{"index":"index","follow":"follow","max-snippet":"max-snippet:-1","max-image-preview":"max-image-preview:large","max-video-preview":"max-video-preview:-1"},"canonical":"https:\/\/of3dacademy.com\/en\/slo07-ia-ppf07-up01-3\/","og_locale":"en_US","og_type":"article","og_title":"One Time Offer - OF3D Academy","og_description":"75% Aviso Importante: N\u00e3o feche esta p\u00e1gina. Voc\u00ea nunca ter\u00e1 acesso a essa oportunidade de novo.Assista ao v\u00eddeo e entenda.","og_url":"https:\/\/of3dacademy.com\/en\/slo07-ia-ppf07-up01-3\/","og_site_name":"OF3D Academy","article_modified_time":"2026-04-29T20:56:56+00:00","og_image":[{"width":587,"height":438,"url":"https:\/\/of3dacademy.com\/wp-content\/uploads\/2024\/03\/icone-academy-social.png","type":"image\/png"}],"twitter_card":"summary_large_image","twitter_misc":{"Est. reading time":"2 minutes"},"schema":{"@context":"https:\/\/schema.org","@graph":[{"@type":"WebPage","@id":"https:\/\/of3dacademy.com\/en\/slo07-ia-ppf07-up01-3\/","url":"https:\/\/of3dacademy.com\/en\/slo07-ia-ppf07-up01-3\/","name":"One Time Offer - OF3D Academy","isPartOf":{"@id":"https:\/\/of3dacademy.com\/en\/#website"},"datePublished":"2025-08-18T14:27:01+00:00","dateModified":"2026-04-29T20:56:56+00:00","breadcrumb":{"@id":"https:\/\/of3dacademy.com\/en\/slo07-ia-ppf07-up01-3\/#breadcrumb"},"inLanguage":"en-US","potentialAction":[{"@type":"ReadAction","target":["https:\/\/of3dacademy.com\/en\/slo07-ia-ppf07-up01-3\/"]}]},{"@type":"BreadcrumbList","@id":"https:\/\/of3dacademy.com\/en\/slo07-ia-ppf07-up01-3\/#breadcrumb","itemListElement":[{"@type":"ListItem","position":1,"name":"Home","item":"https:\/\/of3dacademy.com\/en\/"},{"@type":"ListItem","position":2,"name":"One Time Offer &#8211; OF3D Academy"}]},{"@type":"WebSite","@id":"https:\/\/of3dacademy.com\/en\/#website","url":"https:\/\/of3dacademy.com\/en\/","name":"OF3D Academy","description":"Render Is Cool","potentialAction":[{"@type":"SearchAction","target":{"@type":"EntryPoint","urlTemplate":"https:\/\/of3dacademy.com\/en\/?s={search_term_string}"},"query-input":{"@type":"PropertyValueSpecification","valueRequired":true,"valueName":"search_term_string"}}],"inLanguage":"en-US"}]}},"_links":{"self":[{"href":"https:\/\/of3dacademy.com\/en\/wp-json\/wp\/v2\/pages\/17705","targetHints":{"allow":["GET"]}}],"collection":[{"href":"https:\/\/of3dacademy.com\/en\/wp-json\/wp\/v2\/pages"}],"about":[{"href":"https:\/\/of3dacademy.com\/en\/wp-json\/wp\/v2\/types\/page"}],"author":[{"embeddable":true,"href":"https:\/\/of3dacademy.com\/en\/wp-json\/wp\/v2\/users\/4"}],"replies":[{"embeddable":true,"href":"https:\/\/of3dacademy.com\/en\/wp-json\/wp\/v2\/comments?post=17705"}],"version-history":[{"count":2,"href":"https:\/\/of3dacademy.com\/en\/wp-json\/wp\/v2\/pages\/17705\/revisions"}],"predecessor-version":[{"id":21628,"href":"https:\/\/of3dacademy.com\/en\/wp-json\/wp\/v2\/pages\/17705\/revisions\/21628"}],"wp:attachment":[{"href":"https:\/\/of3dacademy.com\/en\/wp-json\/wp\/v2\/media?parent=17705"}],"wp:term":[{"taxonomy":"folder","embeddable":true,"href":"https:\/\/of3dacademy.com\/en\/wp-json\/wp\/v2\/folder?post=17705"}],"curies":[{"name":"wp","href":"https:\/\/api.w.org\/{rel}","templated":true}]}}